{"id":25,"date":"2021-06-16T12:30:42","date_gmt":"2021-06-16T12:30:42","guid":{"rendered":"https:\/\/memorabledays.it\/?page_id=25"},"modified":"2021-06-16T15:04:53","modified_gmt":"2021-06-16T15:04:53","slug":"home","status":"publish","type":"page","link":"https:\/\/memorabledays.it\/","title":{"rendered":""},"content":{"rendered":"<div class=\"vce-row-container\" data-vce-boxed-width=\"true\"><div class=\"vce-row vce-row--col-gap-30 vce-row-equal-height vce-row-content--top\" id=\"el-9f254ca8\" data-vce-do-apply=\"all el-9f254ca8\"><div class=\"vce-row-content\" data-vce-element-content=\"true\"><div class=\"vce-col vce-col--md-auto vce-col--xs-1 vce-col--xs-last vce-col--xs-first vce-col--sm-last vce-col--sm-first vce-col--md-last vce-col--lg-last vce-col--xl-last vce-col--md-first vce-col--lg-first vce-col--xl-first\" id=\"el-29bf8253\"><div class=\"vce-col-inner\" data-vce-do-apply=\"border margin background  el-29bf8253\"><div class=\"vce-col-content\" data-vce-element-content=\"true\" data-vce-do-apply=\"padding el-29bf8253\"><div class=\"vce-text-block\"><div class=\"vce-text-block-wrapper vce\" id=\"el-cfe6a6a6\" data-vce-do-apply=\"all el-cfe6a6a6\"><h2 style=\"text-align: center;\"><span style=\"color: #d8caad;\">Grafiche coordinate per occasioni speciali<\/span><\/h2><p style=\"text-align: center;\"><span style=\"color: #d8caad;\">Pi\u00f9 \u00e8 speciale il momento e pi\u00f9 ogni dettaglio deve essere curato nei minimi particolari.<\/span><\/p><p style=\"text-align: center;\"><span style=\"color: #d8caad;\"><strong>I coordinati grafici<\/strong> sono un aspetto fondamentale per rendere ogni evento davvero unico e indimenticabile.<\/span><\/p><p style=\"text-align: center;\"><span style=\"color: #d8caad;\">Quello che progetter\u00f2 per voi <strong>sar\u00e0 unico nel senso che sar\u00e0 fatto \u201csu misura\u201d<\/strong> per le vostre esigenze<\/span><\/p><p style=\"text-align: center;\"><span style=\"color: #d8caad;\">e solo per quel preciso momento della vostra vita. Non lavoro con template preimpostati e non uso mai<\/span><\/p><p style=\"text-align: center;\"><span style=\"color: #d8caad;\">le stesso grafiche per due eventi diversi.<\/span><\/p><p style=\"text-align: center;\"><span style=\"color: #d8caad;\">Studier\u00f2 e svilupper\u00f2 <strong>un concept che pi\u00f9 vi rappresenta<\/strong> e che seguir\u00e0<\/span><\/p><p style=\"text-align: center;\"><span style=\"color: #d8caad;\">come un <strong>file rouges tutti gli elementi<\/strong> necessari per dare al vostro evento un\u2019<strong>immagine coordinata<\/strong><\/span><\/p><p style=\"text-align: center;\"><span style=\"color: #d8caad;\"><strong>e univoca<\/strong> dall\u2019inizio alla fine.<\/span><\/p><\/div><\/div><\/div><\/div><\/div><\/div><\/div><\/div><div class=\"vce-row-container\" data-vce-boxed-width=\"true\"><div class=\"vce-row vce-row--col-gap-30 vce-row-equal-height vce-row-content--top\" id=\"el-7211d723\" data-vce-do-apply=\"all el-7211d723\"><div class=\"vce-content-background-container\"><\/div><div class=\"vce-row-content\" data-vce-element-content=\"true\"><div class=\"vce-col vce-col--md-auto vce-col--xs-1 vce-col--xs-last vce-col--xs-first vce-col--sm-last vce-col--sm-first vce-col--md-first vce-col--lg-first vce-col--xl-first\" id=\"el-457773a9\"><div class=\"vce-col-inner\" data-vce-do-apply=\"border margin background  el-457773a9\"><div class=\"vce-col-content\" data-vce-element-content=\"true\" data-vce-do-apply=\"padding el-457773a9\"><div class=\"vce-single-image-container vce-single-image--align-left\"><div class=\"vce vce-single-image-wrapper\" id=\"el-592245b5\" data-vce-do-apply=\"all el-592245b5\"><figure><div class=\"vce-single-image-inner vce-single-image--absolute\" style=\"padding-bottom: 104.803%; width: 229px;\"><img loading=\"lazy\" decoding=\"async\" class=\"vce-single-image vcv-lozad\" data-src=\"https:\/\/memorabledays.it\/wp-content\/uploads\/2021\/06\/matrimonio.jpg\" width=\"229\" height=\"240\" src=\"\" data-img-src=\"https:\/\/memorabledays.it\/wp-content\/uploads\/2021\/06\/matrimonio.jpg\" alt=\"\" title=\"matrimonio\" \/><noscript>\n        <img loading=\"lazy\" decoding=\"async\" class=\"vce-single-image\" src=\"https:\/\/memorabledays.it\/wp-content\/uploads\/2021\/06\/matrimonio.jpg\" width=\"229\" height=\"240\" alt=\"\" title=\"matrimonio\" \/>\n      <\/noscript><\/div><figcaption hidden=\"\"><\/figcaption><\/figure><\/div><\/div><\/div><\/div><\/div><div class=\"vce-col vce-col--md-auto vce-col--xs-1 vce-col--xs-last vce-col--xs-first vce-col--sm-last vce-col--sm-first\" id=\"el-02f4f02c\"><div class=\"vce-col-inner\" data-vce-do-apply=\"border margin background  el-02f4f02c\"><div class=\"vce-col-content\" data-vce-element-content=\"true\" data-vce-do-apply=\"padding el-02f4f02c\"><div class=\"vce-single-image-container vce-single-image--align-left\"><div class=\"vce vce-single-image-wrapper\" id=\"el-d6f0d5ae\" data-vce-do-apply=\"all el-d6f0d5ae\"><figure><div class=\"vce-single-image-inner vce-single-image--absolute\" style=\"padding-bottom: 104.803%; width: 229px;\"><img loading=\"lazy\" decoding=\"async\" class=\"vce-single-image vcv-lozad\" data-src=\"https:\/\/memorabledays.it\/wp-content\/uploads\/2021\/06\/nascita.jpg\" width=\"229\" height=\"240\" src=\"\" data-img-src=\"https:\/\/memorabledays.it\/wp-content\/uploads\/2021\/06\/nascita.jpg\" alt=\"\" title=\"nascita\" \/><noscript>\n        <img loading=\"lazy\" decoding=\"async\" class=\"vce-single-image\" src=\"https:\/\/memorabledays.it\/wp-content\/uploads\/2021\/06\/nascita.jpg\" width=\"229\" height=\"240\" alt=\"\" title=\"nascita\" \/>\n      <\/noscript><\/div><figcaption hidden=\"\"><\/figcaption><\/figure><\/div><\/div><\/div><\/div><\/div><div class=\"vce-col vce-col--md-auto vce-col--xs-1 vce-col--xs-last vce-col--xs-first vce-col--sm-last vce-col--sm-first\" id=\"el-f6cedb1d\"><div class=\"vce-col-inner\" data-vce-do-apply=\"border margin background  el-f6cedb1d\"><div class=\"vce-col-content\" data-vce-element-content=\"true\" data-vce-do-apply=\"padding el-f6cedb1d\"><div class=\"vce-single-image-container vce-single-image--align-left\"><div class=\"vce vce-single-image-wrapper\" id=\"el-68d56e06\" data-vce-do-apply=\"all el-68d56e06\"><figure><div class=\"vce-single-image-inner vce-single-image--absolute\" style=\"padding-bottom: 104.803%; width: 229px;\"><img loading=\"lazy\" decoding=\"async\" class=\"vce-single-image vcv-lozad\" data-src=\"https:\/\/memorabledays.it\/wp-content\/uploads\/2021\/06\/battesimo.jpg\" width=\"229\" height=\"240\" src=\"\" data-img-src=\"https:\/\/memorabledays.it\/wp-content\/uploads\/2021\/06\/battesimo.jpg\" alt=\"\" title=\"battesimo\" \/><noscript>\n        <img loading=\"lazy\" decoding=\"async\" class=\"vce-single-image\" src=\"https:\/\/memorabledays.it\/wp-content\/uploads\/2021\/06\/battesimo.jpg\" width=\"229\" height=\"240\" alt=\"\" title=\"battesimo\" \/>\n      <\/noscript><\/div><figcaption hidden=\"\"><\/figcaption><\/figure><\/div><\/div><\/div><\/div><\/div><div class=\"vce-col vce-col--md-auto vce-col--xs-1 vce-col--xs-last vce-col--xs-first vce-col--sm-last vce-col--sm-first\" id=\"el-8740b8f5\"><div class=\"vce-col-inner\" data-vce-do-apply=\"border margin background  el-8740b8f5\"><div class=\"vce-col-content\" data-vce-element-content=\"true\" data-vce-do-apply=\"padding el-8740b8f5\"><div class=\"vce-single-image-container vce-single-image--align-left\"><div class=\"vce vce-single-image-wrapper\" id=\"el-dd94ca9e\" data-vce-do-apply=\"all el-dd94ca9e\"><figure><div class=\"vce-single-image-inner vce-single-image--absolute\" style=\"padding-bottom: 104.803%; width: 229px;\"><img loading=\"lazy\" decoding=\"async\" class=\"vce-single-image vcv-lozad\" data-src=\"https:\/\/memorabledays.it\/wp-content\/uploads\/2021\/06\/compleanno.jpg\" width=\"229\" height=\"240\" src=\"\" data-img-src=\"https:\/\/memorabledays.it\/wp-content\/uploads\/2021\/06\/compleanno.jpg\" alt=\"\" title=\"compleanno\" \/><noscript>\n        <img loading=\"lazy\" decoding=\"async\" class=\"vce-single-image\" src=\"https:\/\/memorabledays.it\/wp-content\/uploads\/2021\/06\/compleanno.jpg\" width=\"229\" height=\"240\" alt=\"\" title=\"compleanno\" \/>\n      <\/noscript><\/div><figcaption hidden=\"\"><\/figcaption><\/figure><\/div><\/div><\/div><\/div><\/div><div class=\"vce-col vce-col--md-auto vce-col--xs-1 vce-col--xs-last vce-col--xs-first vce-col--sm-last vce-col--sm-first\" id=\"el-a95823a2\"><div class=\"vce-col-inner\" data-vce-do-apply=\"border margin background  el-a95823a2\"><div class=\"vce-col-content\" data-vce-element-content=\"true\" data-vce-do-apply=\"padding el-a95823a2\"><div class=\"vce-single-image-container vce-single-image--align-left\"><div class=\"vce vce-single-image-wrapper\" id=\"el-5dcaab9f\" data-vce-do-apply=\"all el-5dcaab9f\"><figure><div class=\"vce-single-image-inner vce-single-image--absolute\" style=\"padding-bottom: 104.803%; width: 229px;\"><img loading=\"lazy\" decoding=\"async\" class=\"vce-single-image vcv-lozad\" data-src=\"https:\/\/memorabledays.it\/wp-content\/uploads\/2021\/06\/anniversario.jpg\" width=\"229\" height=\"240\" src=\"\" data-img-src=\"https:\/\/memorabledays.it\/wp-content\/uploads\/2021\/06\/anniversario.jpg\" alt=\"\" title=\"anniversario\" \/><noscript>\n        <img loading=\"lazy\" decoding=\"async\" class=\"vce-single-image\" src=\"https:\/\/memorabledays.it\/wp-content\/uploads\/2021\/06\/anniversario.jpg\" width=\"229\" height=\"240\" alt=\"\" title=\"anniversario\" \/>\n      <\/noscript><\/div><figcaption hidden=\"\"><\/figcaption><\/figure><\/div><\/div><\/div><\/div><\/div><div class=\"vce-col vce-col--md-auto vce-col--xs-1 vce-col--xs-last vce-col--xs-first vce-col--sm-last vce-col--sm-first vce-col--md-last vce-col--lg-last vce-col--xl-last\" id=\"el-ec612a7b\"><div class=\"vce-col-inner\" data-vce-do-apply=\"border margin background  el-ec612a7b\"><div class=\"vce-col-content\" data-vce-element-content=\"true\" data-vce-do-apply=\"padding el-ec612a7b\"><div class=\"vce-single-image-container vce-single-image--align-left\"><div class=\"vce vce-single-image-wrapper\" id=\"el-4c5461c5\" data-vce-do-apply=\"all el-4c5461c5\"><figure><div class=\"vce-single-image-inner vce-single-image--absolute\" style=\"padding-bottom: 104.803%; width: 229px;\"><img loading=\"lazy\" decoding=\"async\" class=\"vce-single-image vcv-lozad\" data-src=\"https:\/\/memorabledays.it\/wp-content\/uploads\/2021\/06\/eventi.jpg\" width=\"229\" height=\"240\" src=\"\" data-img-src=\"https:\/\/memorabledays.it\/wp-content\/uploads\/2021\/06\/eventi.jpg\" alt=\"\" title=\"eventi\" \/><noscript>\n        <img loading=\"lazy\" decoding=\"async\" class=\"vce-single-image\" src=\"https:\/\/memorabledays.it\/wp-content\/uploads\/2021\/06\/eventi.jpg\" width=\"229\" height=\"240\" alt=\"\" title=\"eventi\" \/>\n      <\/noscript><\/div><figcaption hidden=\"\"><\/figcaption><\/figure><\/div><\/div><\/div><\/div><\/div><\/div><\/div><\/div><div class=\"vce-row-container\" data-vce-boxed-width=\"true\"><div class=\"vce-row vce-row--col-gap-30 vce-row-equal-height vce-row-content--top\" id=\"el-86268c56\" data-vce-do-apply=\"all el-86268c56\"><div class=\"vce-row-content\" data-vce-element-content=\"true\"><div class=\"vce-col vce-col--md-auto vce-col--xs-1 vce-col--xs-last vce-col--xs-first vce-col--sm-last vce-col--sm-first vce-col--md-last vce-col--lg-last vce-col--xl-last vce-col--md-first vce-col--lg-first vce-col--xl-first\" id=\"el-c64066a4\"><div class=\"vce-col-inner\" data-vce-do-apply=\"border margin background  el-c64066a4\"><div class=\"vce-col-content\" data-vce-element-content=\"true\" data-vce-do-apply=\"padding el-c64066a4\"><div class=\"vce-text-block\"><div class=\"vce-text-block-wrapper vce\" id=\"el-34972d1e\" data-vce-do-apply=\"all el-34972d1e\"><p style=\"text-align: center;\"><span style=\"color: #d8caad;\">Partecipazioni nozze, libretto cerimonia, tableau mariage, men\u00f9, segnaposti, biglietti di ringraziamento,<\/span><br><span style=\"color: #d8caad;\">libro per firme\/foto per quanto riguarda i matrimoni, ma anche quadri per la nascita, inviti per il battesimo,<\/span><br><span style=\"color: #d8caad;\">per compleanni, anniversari o eventi aziendali e molto altro.<\/span><br><span style=\"color: #d8caad;\">Seguo i progetti in tutta la loro fase, <strong>dall\u2019ideazione del concept fino alla produzione<\/strong>.<\/span><br><span style=\"color: #d8caad;\">Se invece volete occuparvi in autonomia della stampa dei materiali fornisco i file pronti per la tipografia.<\/span><\/p><\/div><\/div><\/div><\/div><\/div><\/div><\/div><\/div><div class=\"vce-row-container\" data-vce-boxed-width=\"true\"><div class=\"vce-row vce-row--has-col-background vce-row--col-gap-30 vce-row-equal-height vce-row-content--top\" id=\"el-399cc751\" data-vce-do-apply=\"all el-399cc751\"><div class=\"vce-row-content\" data-vce-element-content=\"true\"><div class=\"vce-col vce-element--has-background vce-col--md-auto vce-col--xs-1 vce-col--xs-last vce-col--xs-first vce-col--sm-last vce-col--sm-first vce-col--md-last vce-col--lg-last vce-col--xl-last vce-col--md-first vce-col--lg-first vce-col--xl-first\" id=\"el-99d238dc\"><div class=\"vce-col-inner\" data-vce-do-apply=\"border margin background  el-99d238dc\"><div class=\"vce-content-background-container\"><\/div><div class=\"vce-col-content\" data-vce-element-content=\"true\" data-vce-do-apply=\"padding el-99d238dc\"><div class=\"vce-text-block\"><div class=\"vce-text-block-wrapper vce\" id=\"el-e2403437\" data-vce-do-apply=\"all el-e2403437\"><h2 style=\"text-align: center;\"><span style=\"color: #d8caad;\">Claudia Gabrielli<\/span><\/h2><p style=\"text-align: center;\"><span style=\"color: #d8caad;\">Mi occupo di <strong>grafica e comunicazione visiva<\/strong> da pi\u00f9 di <strong>20 anni<\/strong>, mi sono formata a Roma<\/span><br><span style=\"color: #d8caad;\">dove mi sono diplomata all\u2019<strong>Istituto Europeo di Design<\/strong>.<\/span><br><span style=\"color: #d8caad;\">I primi passi li ho mossi nella mia terra d\u2019origine, l\u2019<strong>Alto Adige<\/strong>, successivamente mi sono trasferita a <strong>Milano<\/strong><\/span><br><span style=\"color: #d8caad;\">dove ho lavorato in diverse <strong>agenzie di comunicazione e design<\/strong>.<\/span><br><span style=\"color: #d8caad;\">Dal <strong>2017<\/strong> lavoro come <strong>freelance<\/strong>.<\/span><\/p><\/div><\/div><\/div><\/div><\/div><\/div><\/div><\/div><div class=\"vce-row-container\" data-vce-boxed-width=\"true\"><div class=\"vce-row vce-row--col-gap-30 vce-row-equal-height vce-row-content--top\" id=\"el-45202132\" data-vce-do-apply=\"all el-45202132\"><div class=\"vce-row-content\" data-vce-element-content=\"true\"><div class=\"vce-col vce-col--md-auto vce-col--xs-1 vce-col--xs-last vce-col--xs-first vce-col--sm-last vce-col--sm-first vce-col--md-last vce-col--lg-last vce-col--xl-last vce-col--md-first vce-col--lg-first vce-col--xl-first\" id=\"el-aa5a6580\"><div class=\"vce-col-inner\" data-vce-do-apply=\"border margin background  el-aa5a6580\"><div class=\"vce-col-content\" data-vce-element-content=\"true\" data-vce-do-apply=\"padding el-aa5a6580\"><div class=\"vce-text-block\"><div class=\"vce-text-block-wrapper vce\" id=\"el-716b2659\" data-vce-do-apply=\"all el-716b2659\"><h2 style=\"text-align: center;\"><span style=\"color: #d8caad;\">Contatti<\/span><\/h2><p style=\"text-align: center;\"><span style=\"color: #d8caad;\">Per maggiori informazioni o per un preventivo personalizzato contattatemi e se lo desiderate fissiamo un incontro<\/span><br><span style=\"color: #d8caad;\">(di persona o via zoom).<\/span><\/p><\/div><\/div><\/div><\/div><\/div><\/div><\/div><\/div><div class=\"vce-row-container\" data-vce-boxed-width=\"true\"><div class=\"vce-row vce-row--col-gap-30 vce-row-equal-height vce-row-content--middle\" vce-box-shadow=\"el-7ebc0fae\" id=\"el-7ebc0fae\" data-vce-do-apply=\"all el-7ebc0fae\"><div class=\"vce-content-background-container\"><\/div><div class=\"vce-row-content\" data-vce-element-content=\"true\"><div class=\"vce-col vce-col--md-39-29p vce-col--xs-1 vce-col--xs-last vce-col--xs-first vce-col--sm-last vce-col--sm-first vce-col--md-first vce-col--lg-first vce-col--xl-first\" id=\"el-4b55aac8\"><div class=\"vce-col-inner\" data-vce-do-apply=\"border margin background  el-4b55aac8\"><div class=\"vce-content-background-container\"><\/div><div class=\"vce-col-content\" data-vce-element-content=\"true\" data-vce-do-apply=\"padding el-4b55aac8\"><div class=\"vce-single-image-container vce-single-image--align-center\"><div class=\"vce vce-single-image-wrapper\" id=\"el-cac35279\" data-vce-do-apply=\"all el-cac35279\"><figure><div class=\"vce-single-image-inner vce-single-image--absolute\" style=\"padding-bottom: 74%; width: 150px;\"><img loading=\"lazy\" decoding=\"async\" class=\"vce-single-image vcv-lozad\" data-src=\"https:\/\/memorabledays.it\/wp-content\/uploads\/2021\/06\/logo_150.jpg\" width=\"150\" height=\"111\" src=\"\" data-img-src=\"https:\/\/memorabledays.it\/wp-content\/uploads\/2021\/06\/logo_150.jpg\" alt=\"\" title=\"logo_150\" \/><noscript>\n        <img loading=\"lazy\" decoding=\"async\" class=\"vce-single-image\" src=\"https:\/\/memorabledays.it\/wp-content\/uploads\/2021\/06\/logo_150.jpg\" width=\"150\" height=\"111\" alt=\"\" title=\"logo_150\" \/>\n      <\/noscript><\/div><figcaption hidden=\"\"><\/figcaption><\/figure><\/div><\/div><div class=\"vce-text-block\"><div class=\"vce-text-block-wrapper vce\" id=\"el-a5e7fa4c\" data-vce-do-apply=\"all el-a5e7fa4c\"><p style=\"text-align: center; line-height: 1.25;\"><span style=\"color: #d8caad;\">Claudia Gabrielli<\/span><br><span style=\"color: #d8caad;\">claudia@memorabledays.it<\/span><br><span style=\"color: #d8caad;\">+39 348 670 12 13<\/span><\/p><\/div><\/div><\/div><\/div><\/div><div class=\"vce-col vce-col--md-60-70p vce-col--xs-1 vce-col--xs-last vce-col--xs-first vce-col--sm-last vce-col--sm-first vce-col--md-last vce-col--lg-last vce-col--xl-last\" id=\"el-a8d58a7a\"><div class=\"vce-col-inner\" data-vce-do-apply=\"border margin background  el-a8d58a7a\"><div class=\"vce-content-background-container\"><\/div><div class=\"vce-col-content\" data-vce-element-content=\"true\" data-vce-do-apply=\"padding el-a8d58a7a\"><div class=\"vce-shortcode\"><div class=\"vce-shortcode-wrapper vce\" id=\"el-49eff5a4\" data-vce-do-apply=\"all el-49eff5a4\"><div class=\"wpforms-container wpforms-container-full\" id=\"wpforms-53\"><form id=\"wpforms-form-53\" class=\"wpforms-validate wpforms-form\" data-formid=\"53\" method=\"post\" enctype=\"multipart\/form-data\" action=\"\/index.php\/wp-json\/wp\/v2\/pages\/25\" data-token=\"3dd90a4600e9f33c0c16a3feba70a815\"><noscript class=\"wpforms-error-noscript\">Abilita JavaScript nel browser per completare questo modulo.<\/noscript><div class=\"wpforms-field-container\"><div id=\"wpforms-53-field_0-container\" class=\"wpforms-field wpforms-field-name\" data-field-id=\"0\"><label class=\"wpforms-field-label wpforms-label-hide\" for=\"wpforms-53-field_0\">Nome <span class=\"wpforms-required-label\">*<\/span><\/label><div class=\"wpforms-field-row wpforms-field-medium\"><div class=\"wpforms-field-row-block wpforms-first wpforms-one-half\"><input type=\"text\" id=\"wpforms-53-field_0\" class=\"wpforms-field-name-first wpforms-field-required\" name=\"wpforms[fields][0][first]\" required><label for=\"wpforms-53-field_0\" class=\"wpforms-field-sublabel after \">Nome<\/label><\/div><div class=\"wpforms-field-row-block wpforms-one-half\"><input type=\"text\" id=\"wpforms-53-field_0-last\" class=\"wpforms-field-name-last wpforms-field-required\" name=\"wpforms[fields][0][last]\" required><label for=\"wpforms-53-field_0-last\" class=\"wpforms-field-sublabel after \">Cognome<\/label><\/div><\/div><\/div><div id=\"wpforms-53-field_1-container\" class=\"wpforms-field wpforms-field-email\" data-field-id=\"1\"><label class=\"wpforms-field-label wpforms-label-hide\" for=\"wpforms-53-field_1\">Email <span class=\"wpforms-required-label\">*<\/span><\/label><input type=\"email\" id=\"wpforms-53-field_1\" class=\"wpforms-field-medium wpforms-field-required\" name=\"wpforms[fields][1]\" placeholder=\"Email\" required><\/div><div id=\"wpforms-53-field_2-container\" class=\"wpforms-field wpforms-field-textarea\" data-field-id=\"2\"><label class=\"wpforms-field-label wpforms-label-hide\" for=\"wpforms-53-field_2\">Commento o messaggio <span class=\"wpforms-required-label\">*<\/span><\/label><textarea id=\"wpforms-53-field_2\" class=\"wpforms-field-medium wpforms-field-required\" name=\"wpforms[fields][2]\" placeholder=\"Messaggio:\" required><\/textarea><\/div><\/div><div class=\"wpforms-submit-container\" ><input type=\"hidden\" name=\"wpforms[id]\" value=\"53\"><input type=\"hidden\" name=\"wpforms[author]\" value=\"1\"><button type=\"submit\" name=\"wpforms[submit]\" class=\"wpforms-submit \" id=\"wpforms-submit-53\" value=\"wpforms-submit\" aria-live=\"assertive\" data-alt-text=\"Invio in corso...\" data-submit-text=\"Invia\">Invia<\/button><\/div><\/form><\/div>  <!-- .wpforms-container --><\/div><\/div><\/div><\/div><\/div><\/div><\/div><\/div><div class=\"vce-row-container\"><div class=\"vce-row vce-element--has-background vce-row--col-gap-30 vce-row-content--middle\" id=\"el-ac8d81bc\" data-vce-do-apply=\"all el-ac8d81bc\" data-vce-full-width=\"true\"><div class=\"vce-content-background-container\"><\/div><div class=\"vce-row-content\" data-vce-element-content=\"true\"><div class=\"vce-col vce-col--md-auto vce-col--xs-1 vce-col--xs-last vce-col--xs-first vce-col--sm-last vce-col--sm-first vce-col--md-last vce-col--lg-last vce-col--xl-last vce-col--md-first vce-col--lg-first vce-col--xl-first\" id=\"el-db27d3cf\"><div class=\"vce-col-inner\" data-vce-do-apply=\"border margin background  el-db27d3cf\"><div class=\"vce-content-background-container\"><\/div><div class=\"vce-col-content\" data-vce-element-content=\"true\" data-vce-do-apply=\"padding el-db27d3cf\"><div class=\"vce-text-block\"><div class=\"vce-text-block-wrapper vce\" id=\"el-5503d0df\" data-vce-do-apply=\"all el-5503d0df\"><p style=\"text-align: center;\"><span style=\"color: #d8caad;\">Seiottotre sas di Branca Marco &amp; C. - P. IVA e CF 03380110969<\/span><\/p><\/div><\/div><\/div><\/div><\/div><\/div><\/div><\/div>\n","protected":false},"excerpt":{"rendered":"<p>Grafiche coordinate per occasioni specialiPi\u00f9 \u00e8 speciale il momento e pi\u00f9 ogni dettaglio deve essere curato nei minimi particolari.I coordinati grafici sono un aspetto fondamentale per rendere ogni evento davvero unico e indimenticabile.Quello che progetter\u00f2 per voi sar\u00e0 unico nel senso che sar\u00e0 fatto \u201csu misura\u201d per le vostre esigenzee solo per quel preciso momento [&hellip;]<\/p>\n","protected":false},"author":1,"featured_media":0,"parent":0,"menu_order":0,"comment_status":"closed","ping_status":"closed","template":"","meta":{"footnotes":""},"class_list":["post-25","page","type-page","status-publish","hentry"],"yoast_head":"<!-- This site is optimized with the Yoast SEO plugin v16.5 - https:\/\/yoast.com\/wordpress\/plugins\/seo\/ -->\n<title>Home - Graphic Design for<\/title>\n<meta name=\"robots\" content=\"index, follow, max-snippet:-1, max-image-preview:large, max-video-preview:-1\" \/>\n<link rel=\"canonical\" href=\"https:\/\/memorabledays.it\/\" \/>\n<meta property=\"og:locale\" content=\"it_IT\" \/>\n<meta property=\"og:type\" content=\"article\" \/>\n<meta property=\"og:title\" content=\"Home - Graphic Design for\" \/>\n<meta property=\"og:description\" content=\"Grafiche coordinate per occasioni specialiPi\u00f9 \u00e8 speciale il momento e pi\u00f9 ogni dettaglio deve essere curato nei minimi particolari.I coordinati grafici sono un aspetto fondamentale per rendere ogni evento davvero unico e indimenticabile.Quello che progetter\u00f2 per voi sar\u00e0 unico nel senso che sar\u00e0 fatto \u201csu misura\u201d per le vostre esigenzee solo per quel preciso momento [&hellip;]\" \/>\n<meta property=\"og:url\" content=\"https:\/\/memorabledays.it\/\" \/>\n<meta property=\"og:site_name\" content=\"Graphic Design for\" \/>\n<meta property=\"article:modified_time\" content=\"2021-06-16T15:04:53+00:00\" \/>\n<meta property=\"og:image\" content=\"http:\/\/|!|vcvUploadUrl|!|\/2021\/06\/matrimonio.jpg\" \/>\n<meta name=\"twitter:card\" content=\"summary_large_image\" \/>\n<meta name=\"twitter:label1\" content=\"Tempo di lettura stimato\" \/>\n\t<meta name=\"twitter:data1\" content=\"1 minuto\" \/>\n<script type=\"application\/ld+json\" class=\"yoast-schema-graph\">{\"@context\":\"https:\/\/schema.org\",\"@graph\":[{\"@type\":\"WebSite\",\"@id\":\"https:\/\/memorabledays.it\/#website\",\"url\":\"https:\/\/memorabledays.it\/\",\"name\":\"Graphic Design for\",\"description\":\"Memorable Days\",\"potentialAction\":[{\"@type\":\"SearchAction\",\"target\":\"https:\/\/memorabledays.it\/?s={search_term_string}\",\"query-input\":\"required name=search_term_string\"}],\"inLanguage\":\"it-IT\"},{\"@type\":\"ImageObject\",\"@id\":\"https:\/\/memorabledays.it\/#primaryimage\",\"inLanguage\":\"it-IT\",\"url\":\"|!|vcvUploadUrl|!|\/2021\/06\/matrimonio.jpg\",\"contentUrl\":\"|!|vcvUploadUrl|!|\/2021\/06\/matrimonio.jpg\"},{\"@type\":\"WebPage\",\"@id\":\"https:\/\/memorabledays.it\/#webpage\",\"url\":\"https:\/\/memorabledays.it\/\",\"name\":\"Home - Graphic Design for\",\"isPartOf\":{\"@id\":\"https:\/\/memorabledays.it\/#website\"},\"primaryImageOfPage\":{\"@id\":\"https:\/\/memorabledays.it\/#primaryimage\"},\"datePublished\":\"2021-06-16T12:30:42+00:00\",\"dateModified\":\"2021-06-16T15:04:53+00:00\",\"breadcrumb\":{\"@id\":\"https:\/\/memorabledays.it\/#breadcrumb\"},\"inLanguage\":\"it-IT\",\"potentialAction\":[{\"@type\":\"ReadAction\",\"target\":[\"https:\/\/memorabledays.it\/\"]}]},{\"@type\":\"BreadcrumbList\",\"@id\":\"https:\/\/memorabledays.it\/#breadcrumb\",\"itemListElement\":[{\"@type\":\"ListItem\",\"position\":1,\"name\":\"Home\",\"item\":\"https:\/\/memorabledays.it\/\"},{\"@type\":\"ListItem\",\"position\":2,\"name\":\"\"}]}]}<\/script>\n<!-- \/ Yoast SEO plugin. -->","_links":{"self":[{"href":"https:\/\/memorabledays.it\/index.php\/wp-json\/wp\/v2\/pages\/25","targetHints":{"allow":["GET"]}}],"collection":[{"href":"https:\/\/memorabledays.it\/index.php\/wp-json\/wp\/v2\/pages"}],"about":[{"href":"https:\/\/memorabledays.it\/index.php\/wp-json\/wp\/v2\/types\/page"}],"author":[{"embeddable":true,"href":"https:\/\/memorabledays.it\/index.php\/wp-json\/wp\/v2\/users\/1"}],"replies":[{"embeddable":true,"href":"https:\/\/memorabledays.it\/index.php\/wp-json\/wp\/v2\/comments?post=25"}],"version-history":[{"count":18,"href":"https:\/\/memorabledays.it\/index.php\/wp-json\/wp\/v2\/pages\/25\/revisions"}],"predecessor-version":[{"id":61,"href":"https:\/\/memorabledays.it\/index.php\/wp-json\/wp\/v2\/pages\/25\/revisions\/61"}],"wp:attachment":[{"href":"https:\/\/memorabledays.it\/index.php\/wp-json\/wp\/v2\/media?parent=25"}],"curies":[{"name":"wp","href":"https:\/\/api.w.org\/{rel}","templated":true}]}}